{"id":29,"date":"2019-01-12T21:03:40","date_gmt":"2019-01-12T21:03:40","guid":{"rendered":"http:\/\/lerchenbergtunnel.de\/?page_id=29"},"modified":"2026-01-11T17:05:45","modified_gmt":"2026-01-11T17:05:45","slug":"lerchenbergtunnel","status":"publish","type":"page","link":"https:\/\/lerchenbergtunnel.de\/?page_id=29","title":{"rendered":"Der Lerchenbergtunnel"},"content":{"rendered":"<div class=\"wp-block-image\">\n<figure class=\"aligncenter is-resized\"><a href=\"https:\/\/lerchenbergtunnel.de\/wp-content\/uploads\/2019\/01\/Tunnelbesichtigung2.jpg\"><img loading=\"lazy\" decoding=\"async\" width=\"1024\" height=\"711\" src=\"http:\/\/lerchenbergtunnel.de\/wp-content\/uploads\/2019\/01\/Tunnelbesichtigung2-1024x711.jpg\" alt=\"\" class=\"wp-image-58\" style=\"aspect-ratio:1.4402057436776683;width:675px;height:auto\" srcset=\"https:\/\/lerchenbergtunnel.de\/wp-content\/uploads\/2019\/01\/Tunnelbesichtigung2-1024x711.jpg 1024w, https:\/\/lerchenbergtunnel.de\/wp-content\/uploads\/2019\/01\/Tunnelbesichtigung2-300x208.jpg 300w, https:\/\/lerchenbergtunnel.de\/wp-content\/uploads\/2019\/01\/Tunnelbesichtigung2-768x533.jpg 768w, https:\/\/lerchenbergtunnel.de\/wp-content\/uploads\/2019\/01\/Tunnelbesichtigung2-389x270.jpg 389w, https:\/\/lerchenbergtunnel.de\/wp-content\/uploads\/2019\/01\/Tunnelbesichtigung2.jpg 1162w\" sizes=\"auto, (max-width: 1024px) 100vw, 1024px\" \/><\/a><figcaption class=\"wp-element-caption\">Blick in das Westportal im Jahr 2015 &#8211; Die Schienen liegen noch<\/figcaption><\/figure>\n<\/div>\n\n\n<p>Der Bahntunnel unter dem Heilbronner Lerchenberg (<strong>&#8222;Lerchenbergtunnel&#8220;<\/strong>) wurde 1900\/1901 erbaut. Er ist ca. 390&nbsp;Meter lang und Teil der ehemaligen eingleisigen &#8222;Verbindungsbahn&#8220; zwischen Abzeig Pf\u00fchlpark (Karlstor) und dem S\u00fcdbahnhof. \u00dcber diese Trasse erfolgte die Anbindung des Schienenverkehrs der <a href=\"https:\/\/lerchenbergtunnel.de\/?page_id=31\">Bottwarbahn<\/a> vom S\u00fcdbahnhof \u00fcber Karlstor und S\u00fclmer Tor zum Hauptbahnhof. An den Baukosten beteiligte sich die Stadt Heilbronn seinerzeit neben dem Grunderwerb mit einem nicht unerheblichen Betrag, um statt einer alternativen (und kosteng\u00fcnstigeren) Trasse \u00fcber die Oststra\u00dfe die Trasse durch den Lerchenbergtunnel zu realisieren [1]. Der Streckenabschnitt ist seit August 2000 stillgelegt, formell jedoch noch nicht entwidmet. Der Tunnel zeigt an den Portalen eine Verkleidung aus Sandstein und im Innern ein aus Backstein gemauertes Gew\u00f6lbe. Er hat in der Tunnelmitte seinen Hochpunkt und entw\u00e4ssert zu den beiden Tunnelportalen hin. Im L\u00e4ngsschnitt weist er eine Kr\u00fcmmung auf.<\/p>\n\n\n<div class=\"wp-block-image\">\n<figure class=\"aligncenter size-large is-resized\"><a href=\"https:\/\/lerchenbergtunnel.de\/wp-content\/uploads\/2020\/05\/n\u00f6rdliches-Tunnelportal-1976-11-07.jpg\"><img loading=\"lazy\" decoding=\"async\" width=\"1024\" height=\"664\" src=\"https:\/\/lerchenbergtunnel.de\/wp-content\/uploads\/2020\/05\/n\u00f6rdliches-Tunnelportal-1976-11-07.jpg\" alt=\"\" class=\"wp-image-1169\" style=\"aspect-ratio:1.5421804257508775;width:669px;height:auto\" srcset=\"https:\/\/lerchenbergtunnel.de\/wp-content\/uploads\/2020\/05\/n\u00f6rdliches-Tunnelportal-1976-11-07.jpg 1024w, https:\/\/lerchenbergtunnel.de\/wp-content\/uploads\/2020\/05\/n\u00f6rdliches-Tunnelportal-1976-11-07-300x195.jpg 300w, https:\/\/lerchenbergtunnel.de\/wp-content\/uploads\/2020\/05\/n\u00f6rdliches-Tunnelportal-1976-11-07-768x498.jpg 768w, https:\/\/lerchenbergtunnel.de\/wp-content\/uploads\/2020\/05\/n\u00f6rdliches-Tunnelportal-1976-11-07-416x270.jpg 416w\" sizes=\"auto, (max-width: 1024px) 100vw, 1024px\" \/><\/a><figcaption class=\"wp-element-caption\">Eine Bahn f\u00e4hrt aus dem n\u00f6rdlichen Tunnelportal (Foto: Gerald Gunzenh\u00e4user)<\/figcaption><\/figure>\n<\/div>\n\n\n<p>Der <strong>Zustand des Bauwerks<\/strong> wurde seitens DB im Jahr 2010 begutachtet &#8222;[&#8230;] und befindet sich in einem guten Zustand.[&#8230;]&#8220; [2]. Auch ein erstes externes Gutachten bescheinigt dem Tunnel einen &#8222;[&#8230;] befriedigenden bis guten Gesamtzustand [ohne] Hinweise auf globale Sicherheitsdefizite [&#8230;]&#8220; [3]. Eine umfassende Statikpr\u00fcfung und Bewertung der Verkehrssicherheit wurde Anfang 2022 durchgef\u00fchrt und auf dieser Basis m\u00f6gliche Sanierungsoptionen dargestellt [4]. Altersbedingt weist die Tunnelschale Durchfeuchtungen, Abschalungen und Ausbr\u00fcche auf. Im aktuellen Zustand ist die Verkehrssicherheit f\u00fcr Radfahrer und Fu\u00dfg\u00e4nger daher nicht gegeben. Sicherungsma\u00dfnahmen sind zwingende Voraussetzung f\u00fcr die Umnutzung des Tunnels. Es ist geplant den Tunnel vollfl\u00e4chig mittels Dr\u00e4nmatten, Dichtungsbahnen und Spritzbeton zur sichern. Die Tunnell\u00e4ngsentw\u00e4sserung muss instandgesetzt werden. Die Gleise (Normalspur) und das Gleisbett auf dem Teilabschnitt zwischen Silcherstra\u00dfe und J\u00e4gerhausstra\u00dfe sind noch vorhanden und werden f\u00fcr den Wegebau entfernt.<\/p>\n\n\n<div class=\"wp-block-image\">\n<figure class=\"aligncenter size-full is-resized\"><a href=\"https:\/\/lerchenbergtunnel.de\/wp-content\/uploads\/2026\/01\/Tunnelquerschnitt.jpg\"><img loading=\"lazy\" decoding=\"async\" width=\"943\" height=\"836\" src=\"https:\/\/lerchenbergtunnel.de\/wp-content\/uploads\/2026\/01\/Tunnelquerschnitt.jpg\" alt=\"\" class=\"wp-image-3054\" style=\"aspect-ratio:1.1279962153586804;width:493px;height:auto\" srcset=\"https:\/\/lerchenbergtunnel.de\/wp-content\/uploads\/2026\/01\/Tunnelquerschnitt.jpg 943w, https:\/\/lerchenbergtunnel.de\/wp-content\/uploads\/2026\/01\/Tunnelquerschnitt-300x266.jpg 300w, https:\/\/lerchenbergtunnel.de\/wp-content\/uploads\/2026\/01\/Tunnelquerschnitt-768x681.jpg 768w, https:\/\/lerchenbergtunnel.de\/wp-content\/uploads\/2026\/01\/Tunnelquerschnitt-305x270.jpg 305w\" sizes=\"auto, (max-width: 943px) 100vw, 943px\" \/><\/a><figcaption class=\"wp-element-caption\">Querschnitt durch das Tunnelbauwerk mit Wegebau und Sicherungsma\u00dfnahmen<\/figcaption><\/figure>\n<\/div>\n\n\n<p>F\u00fcr eine <strong>sichere Durchquerung des Bauwerks<\/strong> mit dem Rad oder zu Fu\u00df ist die Errichtung einer besonderen Beleuchtungsanlage vorgesehen (Effektbeleuchtung). Diese erf\u00fcllt zum einen die Belange der Verkehrssicherheit und wertet zum anderen den Tunnel durch kreative Lichtgestaltung emotional auf. Dadurch entsteht ein Ort, der Neugier weckt, Sicherheit vermittelt und positive Assoziationen f\u00f6rdert. Zur weiteren Sicherheit erh\u00e4lt der Tunnel Einbauten zur Sicherstellung des Mobilfunkempfangs. F\u00fcr den Fu\u00dfverkehr sind zudem Treppenanlagen an beiden Tunnelportalen geplant. [5]<\/p>\n\n\n\n<figure class=\"wp-block-image size-large\"><a href=\"https:\/\/lerchenbergtunnel.de\/wp-content\/uploads\/2026\/01\/Tunnelbeleuchtung_Beispiele.jpg\"><img loading=\"lazy\" decoding=\"async\" width=\"1024\" height=\"392\" src=\"https:\/\/lerchenbergtunnel.de\/wp-content\/uploads\/2026\/01\/Tunnelbeleuchtung_Beispiele-1024x392.jpg\" alt=\"\" class=\"wp-image-3053\" srcset=\"https:\/\/lerchenbergtunnel.de\/wp-content\/uploads\/2026\/01\/Tunnelbeleuchtung_Beispiele-1024x392.jpg 1024w, https:\/\/lerchenbergtunnel.de\/wp-content\/uploads\/2026\/01\/Tunnelbeleuchtung_Beispiele-300x115.jpg 300w, https:\/\/lerchenbergtunnel.de\/wp-content\/uploads\/2026\/01\/Tunnelbeleuchtung_Beispiele-768x294.jpg 768w, https:\/\/lerchenbergtunnel.de\/wp-content\/uploads\/2026\/01\/Tunnelbeleuchtung_Beispiele-604x231.jpg 604w, https:\/\/lerchenbergtunnel.de\/wp-content\/uploads\/2026\/01\/Tunnelbeleuchtung_Beispiele.jpg 1115w\" sizes=\"auto, (max-width: 1024px) 100vw, 1024px\" \/><\/a><figcaption class=\"wp-element-caption\">Beispielbilder einer Tunnel-Effektbeleuchtung<\/figcaption><\/figure>\n\n\n\n<p>Im Rahmen der Realisierung des Erlebniswegs soll auch die kulturhistorische Bedeutung als <strong>Industriedenkmal <\/strong>hervorgehoben werden (z.B. durch Infotafeln).<\/p>\n\n\n\n<p>In Summe ergibt sich hiermit ein Infrastrukturbauwerk mit hoher touristischer Attraktivit\u00e4t. Der Tunnel kann dabei als Highlight des gesamten &#8222;Erlebnisweg&#8220; betrachtet werden.<\/p>\n\n\n\n<figure class=\"wp-block-image size-large\"><a href=\"https:\/\/lerchenbergtunnel.de\/wp-content\/uploads\/2024\/12\/Fotomontage2.jpg\"><img loading=\"lazy\" decoding=\"async\" width=\"1024\" height=\"768\" src=\"https:\/\/lerchenbergtunnel.de\/wp-content\/uploads\/2024\/12\/Fotomontage2-1024x768.jpg\" alt=\"\" class=\"wp-image-2529\" srcset=\"https:\/\/lerchenbergtunnel.de\/wp-content\/uploads\/2024\/12\/Fotomontage2-1024x768.jpg 1024w, https:\/\/lerchenbergtunnel.de\/wp-content\/uploads\/2024\/12\/Fotomontage2-300x225.jpg 300w, https:\/\/lerchenbergtunnel.de\/wp-content\/uploads\/2024\/12\/Fotomontage2-768x576.jpg 768w, https:\/\/lerchenbergtunnel.de\/wp-content\/uploads\/2024\/12\/Fotomontage2-1536x1152.jpg 1536w, https:\/\/lerchenbergtunnel.de\/wp-content\/uploads\/2024\/12\/Fotomontage2-1200x900.jpg 1200w, https:\/\/lerchenbergtunnel.de\/wp-content\/uploads\/2024\/12\/Fotomontage2-360x270.jpg 360w, https:\/\/lerchenbergtunnel.de\/wp-content\/uploads\/2024\/12\/Fotomontage2.jpg 1600w\" sizes=\"auto, (max-width: 1024px) 100vw, 1024px\" \/><\/a><figcaption class=\"wp-element-caption\">Fotomontage Portal Lerchenbergtunnel mit Radfahrern und Fu\u00dfg\u00e4nger<\/figcaption><\/figure>\n\n\n\n<hr class=\"wp-block-separator has-css-opacity\"\/>\n\n\n\n<p>[1]: Weitere Infos und Quellenangaben s. <a href=\"https:\/\/lerchenbergtunnel.de\/?p=1023\">Blogeintrag vom 30.03.2020<\/a><\/p>\n\n\n\n<p>[2]: Schreiben der DB Services Immobilien GmbH vom 22.11.2012 an Stadtrat Wolf Theilacker<\/p>\n\n\n\n<p>[3]: <a href=\"https:\/\/heilbronn-sitzungsdienst.komm.one\/bi\/getfile.asp?id=6155&amp;type=do\" target=\"_blank\" rel=\"noreferrer noopener\">Tunnelbautechnische Beratung<\/a> (Fa. HIC Geotechnik und Tunnelbau; 27.10.2020; mit Bildern der Ortsbegehnung; als Anlage zu Gemeinderats-DS 032\/2021)<\/p>\n\n\n\n<p>[4]: <a href=\"https:\/\/heilbronn-sitzungsdienst.komm.one\/bi\/getfile.asp?id=9819&amp;type=do\" target=\"_blank\" rel=\"noreferrer noopener\">Bewertung der Verkehrssicherheit der Zonen des Lerchenbergtunnels f\u00fcr den Radverkehr<\/a> (Fa. HIC, 14.04.2022)<\/p>\n\n\n\n<p>[5]: <a href=\"https:\/\/heilbronn-sitzungsdienst.komm.one\/bi\/getfile.asp?id=20972&amp;type=do\" target=\"_blank\" rel=\"noreferrer noopener\">Beschreibung der Bauma\u00dfnahmen<\/a> in der Gemeinderats-DS 278\/2025, S.4f<\/p>\n\n\n\n<hr class=\"wp-block-separator has-alpha-channel-opacity\"\/>\n\n\n\n<p class=\"has-text-align-right\"><em>Weiterlesen:<\/em> <a href=\"https:\/\/lerchenbergtunnel.de\/?page_id=31\"><strong>Historie der Bottwartalbahn<\/strong> &gt;&gt;<\/a><\/p>\n\n\n\n<p><a href=\"https:\/\/lerchenbergtunnel.de\/?page_id=30\">&lt;&lt; <strong>Finanzierung und Betrieb<\/strong><\/a> <em>(Zur\u00fcck)<\/em><\/p>\n","protected":false},"excerpt":{"rendered":"<p>Der Bahntunnel unter dem Heilbronner Lerchenberg (&#8222;Lerchenbergtunnel&#8220;) wurde 1900\/1901 erbaut. Er ist ca. 390&nbsp;Meter lang und Teil der ehemaligen eingleisigen &#8222;Verbindungsbahn&#8220; zwischen Abzeig Pf\u00fchlpark (Karlstor) und dem S\u00fcdbahnhof. \u00dcber diese Trasse erfolgte die Anbindung des Schienenverkehrs der Bottwarbahn vom S\u00fcdbahnhof \u00fcber Karlstor und S\u00fclmer Tor zum Hauptbahnhof. An den Baukosten beteiligte sich die Stadt Heilbronn seinerzeit neben dem Grunderwerb mit einem nicht unerheblichen Betrag, um statt einer alternativen (und kosteng\u00fcnstigeren) Trasse \u00fcber die Oststra\u00dfe die Trasse durch den Lerchenbergtunnel zu&#8230;<\/p>\n<p class=\"read-more\"><a class=\"btn btn-default\" href=\"https:\/\/lerchenbergtunnel.de\/?page_id=29\">Weiterlesen<span class=\"screen-reader-text\"> Weiterlesen<\/span><\/a><\/p>\n","protected":false},"author":7,"featured_media":0,"parent":0,"menu_order":0,"comment_status":"closed","ping_status":"closed","template":"","meta":{"footnotes":""},"class_list":["post-29","page","type-page","status-publish","hentry"],"featured_image_urls_v2":{"full":"","thumbnail":"","medium":"","medium_large":"","large":"","1536x1536":"","2048x2048":"","complete_open_graph":"","post-thumbnail":"","nisarg-full-width":""},"post_excerpt_stackable_v2":"<p>Blick in das Westportal im Jahr 2015 &#8211; Die Schienen liegen noch Der Bahntunnel unter dem Heilbronner Lerchenberg (&#8222;Lerchenbergtunnel&#8220;) wurde 1900\/1901 erbaut. Er ist ca. 390&nbsp;Meter lang und Teil der ehemaligen eingleisigen &#8222;Verbindungsbahn&#8220; zwischen Abzeig Pf\u00fchlpark (Karlstor) und dem S\u00fcdbahnhof. \u00dcber diese Trasse erfolgte die Anbindung des Schienenverkehrs der Bottwarbahn vom S\u00fcdbahnhof \u00fcber Karlstor und S\u00fclmer Tor zum Hauptbahnhof. An den Baukosten beteiligte sich die Stadt Heilbronn seinerzeit neben dem Grunderwerb mit einem nicht unerheblichen Betrag, um statt einer alternativen (und kosteng\u00fcnstigeren) Trasse \u00fcber die Oststra\u00dfe die Trasse durch den Lerchenbergtunnel zu realisieren [1]. Der Streckenabschnitt ist seit August 2000&hellip;<\/p>\n","category_list_v2":"","author_info_v2":{"name":"Admin","url":"https:\/\/lerchenbergtunnel.de\/?author=7"},"comments_num_v2":"0 comments","_links":{"self":[{"href":"https:\/\/lerchenbergtunnel.de\/index.php?rest_route=\/wp\/v2\/pages\/29","targetHints":{"allow":["GET"]}}],"collection":[{"href":"https:\/\/lerchenbergtunnel.de\/index.php?rest_route=\/wp\/v2\/pages"}],"about":[{"href":"https:\/\/lerchenbergtunnel.de\/index.php?rest_route=\/wp\/v2\/types\/page"}],"author":[{"embeddable":true,"href":"https:\/\/lerchenbergtunnel.de\/index.php?rest_route=\/wp\/v2\/users\/7"}],"replies":[{"embeddable":true,"href":"https:\/\/lerchenbergtunnel.de\/index.php?rest_route=%2Fwp%2Fv2%2Fcomments&post=29"}],"version-history":[{"count":31,"href":"https:\/\/lerchenbergtunnel.de\/index.php?rest_route=\/wp\/v2\/pages\/29\/revisions"}],"predecessor-version":[{"id":3061,"href":"https:\/\/lerchenbergtunnel.de\/index.php?rest_route=\/wp\/v2\/pages\/29\/revisions\/3061"}],"wp:attachment":[{"href":"https:\/\/lerchenbergtunnel.de\/index.php?rest_route=%2Fwp%2Fv2%2Fmedia&parent=29"}],"curies":[{"name":"wp","href":"https:\/\/api.w.org\/{rel}","templated":true}]}}