{"id":26,"date":"2019-01-12T21:03:40","date_gmt":"2019-01-12T21:03:40","guid":{"rendered":"http:\/\/lerchenbergtunnel.de\/?page_id=26"},"modified":"2026-02-16T17:46:47","modified_gmt":"2026-02-16T17:46:47","slug":"mitmachen","status":"publish","type":"page","link":"https:\/\/lerchenbergtunnel.de\/?page_id=26","title":{"rendered":"Mitmachen"},"content":{"rendered":"\n<p>Es gibt mehrere M\u00f6glichkeiten, den Verein und das Projekt zu unterst\u00fctzen:<\/p>\n\n\n\n<div class=\"wp-block-ugb-icon-list ugb-icon-list ugb-icon--icon-arrow ugb-ba012e5 ugb-icon-list--v2 ugb-main-block\"><style>.ugb-ba012e5 li::before{background-image:url('data:image\/svg+xml;base64,PHN2ZyB4bWxucz0iaHR0cDovL3d3dy53My5vcmcvMjAwMC9zdmciIHZpZXdCb3g9IjAgMCAxOTAgMTkwIiBzdHlsZT0iZmlsbDogIzA2OTNlMyAhaW1wb3J0YW50OyBjb2xvcjogIzA2OTNlMyAhaW1wb3J0YW50Ij48cGF0aCBkPSJNNTkuNCAxNzcuNWw4Mi40LTgyLjQtODIuNC04Mi4zLTEwLjYgMTAuNiA3MS44IDcxLjctNzEuOCA3MS44IDEwLjYgMTAuNnoiIGZpbGw9IiMwNjkzZTMiIHN0cm9rZT0iIzA2OTNlMyIgc3R5bGU9ImZpbGw6IHJnYig2LCAxNDcsIDIyNyk7IHN0cm9rZTogcmdiKDYsIDE0NywgMjI3KTsiLz48L3N2Zz4=')}.ugb-ba012e5.ugb-icon-list ul{columns:1}<\/style><div class=\"ugb-inner-block\"><div class=\"ugb-block-content\"><ul><li>Durch <strong>aktive Mitgliedschaft<\/strong> &#8211; eine gro\u00dfe Mitgliederzahl verleiht dem Verin ein st\u00e4rkeres Gewicht bei der Durchsetzung der Projektidee<br><a href=\"https:\/\/lerchenbergtunnel.de\/wp-content\/uploads\/2023\/03\/Aufnahmeantrag_2023-3.pdf\">-&gt; Aufnahme-Formular zur Vereinsmitgliedschaft<\/a><\/li><li>Durch <strong>Einbringen eigener Kompetenzen, F\u00e4higkeiten und Netzwerkkontakte<\/strong> in das Projekt (z.B. f\u00fcr die \u00d6ffentlichkeitsarbeit, ein Statik-Gutachten des Tunnelbauwerks, rechtlicher Beratung, &#8230;)<\/li><li>Durch <strong>Weiterempfehlung und &#8222;gute Presse&#8220;<\/strong><\/li><li>Durch <strong>Spenden \/ Sponsoring <\/strong>&#8211; Aktuell werden Mitgliedsbeitr\u00e4ge und Spenden im Sinne der Vereinssatzung v.a. f\u00fcr \u00d6ffentlichkeitsarbeit eingesetzt. Die <a href=\"https:\/\/lerchenbergtunnel.de\/?page_id=30\">Finanzierung des Bauvorhabens<\/a> ist durch st\u00e4dtische Mittel in Kombination mit F\u00f6rdermitteln abgesichert. Eine Ausgestaltung des Weges \u00fcber die Entwurfsplanung hinaus (z.B. durch spezielle Erinnerungsobjekte zur Bahnhistorie) k\u00f6nnte durch Spendengelder finanziert werden und die Attraktivit\u00e4t des Weges weiter steigern.<\/li><\/ul><\/div><\/div><\/div>\n\n\n\n<p><br><strong>Hinweis zur Absetzbarkeit von Spenden<\/strong><\/p>\n\n\n\n<p>Da der Verein Erlebnisweg Lerchenbergtunnel e.V. als gemeinn\u00fctziger Verein anerkannt ist, k\u00f6nnen Spenden und Mitgliedsbeitr\u00e4ge bis zu einem Anteil von 20 Prozent der Eink\u00fcnfte als Sonderausgaben in der Einkommenssteuererkl\u00e4rung geltend gemacht werden. <br><\/p>\n\n\n\n<p><\/p>\n","protected":false},"excerpt":{"rendered":"<p>Es gibt mehrere M\u00f6glichkeiten, den Verein und das Projekt zu unterst\u00fctzen: Durch aktive Mitgliedschaft &#8211; eine gro\u00dfe Mitgliederzahl verleiht dem Verin ein st\u00e4rkeres Gewicht bei der Durchsetzung der Projektidee-&gt; Aufnahme-Formular zur Vereinsmitgliedschaft Durch Einbringen eigener Kompetenzen, F\u00e4higkeiten und Netzwerkkontakte in das Projekt (z.B. f\u00fcr die \u00d6ffentlichkeitsarbeit, ein Statik-Gutachten des Tunnelbauwerks, rechtlicher Beratung, &#8230;) Durch Weiterempfehlung und &#8222;gute Presse&#8220; Durch Spenden \/ Sponsoring &#8211; Aktuell werden Mitgliedsbeitr\u00e4ge und Spenden im Sinne der Vereinssatzung v.a. f\u00fcr \u00d6ffentlichkeitsarbeit eingesetzt. Die Finanzierung des Bauvorhabens&#8230;<\/p>\n<p class=\"read-more\"><a class=\"btn btn-default\" href=\"https:\/\/lerchenbergtunnel.de\/?page_id=26\">Weiterlesen<span class=\"screen-reader-text\"> Weiterlesen<\/span><\/a><\/p>\n","protected":false},"author":7,"featured_media":0,"parent":0,"menu_order":0,"comment_status":"closed","ping_status":"closed","template":"","meta":{"footnotes":""},"class_list":["post-26","page","type-page","status-publish","hentry"],"featured_image_urls_v2":{"full":"","thumbnail":"","medium":"","medium_large":"","large":"","1536x1536":"","2048x2048":"","complete_open_graph":"","post-thumbnail":"","nisarg-full-width":""},"post_excerpt_stackable_v2":"<p>Es gibt mehrere M\u00f6glichkeiten, den Verein und das Projekt zu unterst\u00fctzen: Durch aktive Mitgliedschaft &#8211; eine gro\u00dfe Mitgliederzahl verleiht dem Verin ein st\u00e4rkeres Gewicht bei der Durchsetzung der Projektidee-&gt; Aufnahme-Formular zur VereinsmitgliedschaftDurch Einbringen eigener Kompetenzen, F\u00e4higkeiten und Netzwerkkontakte in das Projekt (z.B. f\u00fcr die \u00d6ffentlichkeitsarbeit, ein Statik-Gutachten des Tunnelbauwerks, rechtlicher Beratung, &#8230;)Durch Weiterempfehlung und &#8222;gute Presse&#8220;Durch Spenden \/ Sponsoring &#8211; Aktuell werden Mitgliedsbeitr\u00e4ge und Spenden im Sinne der Vereinssatzung v.a. f\u00fcr \u00d6ffentlichkeitsarbeit eingesetzt. Die Finanzierung des Bauvorhabens ist durch st\u00e4dtische Mittel in Kombination mit F\u00f6rdermitteln abgesichert. Eine Ausgestaltung des Weges \u00fcber die Entwurfsplanung hinaus (z.B. durch spezielle Erinnerungsobjekte zur Bahnhistorie)&hellip;<\/p>\n","category_list_v2":"","author_info_v2":{"name":"Admin","url":"https:\/\/lerchenbergtunnel.de\/?author=7"},"comments_num_v2":"0 comments","_links":{"self":[{"href":"https:\/\/lerchenbergtunnel.de\/index.php?rest_route=\/wp\/v2\/pages\/26","targetHints":{"allow":["GET"]}}],"collection":[{"href":"https:\/\/lerchenbergtunnel.de\/index.php?rest_route=\/wp\/v2\/pages"}],"about":[{"href":"https:\/\/lerchenbergtunnel.de\/index.php?rest_route=\/wp\/v2\/types\/page"}],"author":[{"embeddable":true,"href":"https:\/\/lerchenbergtunnel.de\/index.php?rest_route=\/wp\/v2\/users\/7"}],"replies":[{"embeddable":true,"href":"https:\/\/lerchenbergtunnel.de\/index.php?rest_route=%2Fwp%2Fv2%2Fcomments&post=26"}],"version-history":[{"count":15,"href":"https:\/\/lerchenbergtunnel.de\/index.php?rest_route=\/wp\/v2\/pages\/26\/revisions"}],"predecessor-version":[{"id":3103,"href":"https:\/\/lerchenbergtunnel.de\/index.php?rest_route=\/wp\/v2\/pages\/26\/revisions\/3103"}],"wp:attachment":[{"href":"https:\/\/lerchenbergtunnel.de\/index.php?rest_route=%2Fwp%2Fv2%2Fmedia&parent=26"}],"curies":[{"name":"wp","href":"https:\/\/api.w.org\/{rel}","templated":true}]}}