{"id":2517,"date":"2024-12-26T14:21:19","date_gmt":"2024-12-26T14:21:19","guid":{"rendered":"https:\/\/lerchenbergtunnel.de\/?page_id=2517"},"modified":"2026-03-01T21:22:34","modified_gmt":"2026-03-01T21:22:34","slug":"projekthistorie","status":"publish","type":"page","link":"https:\/\/lerchenbergtunnel.de\/?page_id=2517","title":{"rendered":"Projekthistorie"},"content":{"rendered":"\n<p><em>Hinweis zur Quellenangabe: [DS 123\/2015] = siehe Gemeinderats-Drucksache Nr. 123 aus dem Jahr 2015; abrufbar ab 09\/2014 im <a href=\"https:\/\/heilbronn-sitzungsdienst.komm.one\/bi\/info.asp\" target=\"_blank\" rel=\"noreferrer noopener\">Heilbronner Gremieninformationssystem<\/a>]<\/em><\/p>\n\n\n\n<h3 class=\"wp-block-heading\">Am Anfang war die Bahn<\/h3>\n\n\n<div class=\"wp-block-image is-resized\">\n<figure class=\"alignright size-full\"><a href=\"https:\/\/lerchenbergtunnel.de\/wp-content\/uploads\/2019\/05\/Historie4.jpg\"><img loading=\"lazy\" decoding=\"async\" width=\"800\" height=\"508\" src=\"https:\/\/lerchenbergtunnel.de\/wp-content\/uploads\/2019\/05\/Historie4.jpg\" alt=\"\" class=\"wp-image-556\" style=\"width:306px;height:auto\" srcset=\"https:\/\/lerchenbergtunnel.de\/wp-content\/uploads\/2019\/05\/Historie4.jpg 800w, https:\/\/lerchenbergtunnel.de\/wp-content\/uploads\/2019\/05\/Historie4-300x191.jpg 300w, https:\/\/lerchenbergtunnel.de\/wp-content\/uploads\/2019\/05\/Historie4-768x488.jpg 768w, https:\/\/lerchenbergtunnel.de\/wp-content\/uploads\/2019\/05\/Historie4-425x270.jpg 425w\" sizes=\"auto, (max-width: 800px) 100vw, 800px\" \/><\/a><figcaption class=\"wp-element-caption\">Die Bottwarbahn bei Beilstein im Jahr 1967 (Foto: Eugen Werner)<\/figcaption><\/figure>\n<\/div>\n\n\n<p>Die historische Ausgangslage f\u00fcr das Projekt wurde in den Jahren <strong>1890er<\/strong> Jahren geschaffen durch den Bau der 34km langen Bottwarbahn zwischen Marbach und <a href=\"https:\/\/lerchenbergtunnel.de\/?p=1387\">Heilbronn (S\u00fcdbahnhof)<\/a>, sowie den sp\u00e4ten Anschluss des S\u00fcdbahnhofs \u00fcber die Verbindungsbahn durch den <strong>1900\/01<\/strong> erbauten <a href=\"https:\/\/lerchenbergtunnel.de\/?page_id=29\">Lerchenbergtunnel<\/a> an die Strecke Heilbronn &#8211; Crailsheim (Abzweig Karlstor). Ab den <strong>1960er<\/strong> Jahren wurden Personen- und G\u00fcterverkehr sukzessive eingestellt <em>[s.a. <a href=\"https:\/\/lerchenbergtunnel.de\/?page_id=31\">Historie der Bottwarbahn<\/a>]<\/em>. Teile der ehemaligen Bottwarbahntrasse bilden heute den Radweg Marbach-Heilbronn, der an der Stadtgrenze bei Horkheim endet.<\/p>\n\n\n\n<h3 class=\"wp-block-heading\">Eine Idee ger\u00e4t in Vergessenheit<\/h3>\n\n\n<div class=\"wp-block-image is-resized\">\n<figure class=\"alignleft size-full\"><a href=\"https:\/\/lerchenbergtunnel.de\/wp-content\/uploads\/2019\/11\/Bottwarbahntrasse_HN_2019_08.jpg\"><img loading=\"lazy\" decoding=\"async\" width=\"644\" height=\"484\" src=\"https:\/\/lerchenbergtunnel.de\/wp-content\/uploads\/2019\/11\/Bottwarbahntrasse_HN_2019_08.jpg\" alt=\"\" class=\"wp-image-805\" style=\"width:306px;height:auto\" srcset=\"https:\/\/lerchenbergtunnel.de\/wp-content\/uploads\/2019\/11\/Bottwarbahntrasse_HN_2019_08.jpg 644w, https:\/\/lerchenbergtunnel.de\/wp-content\/uploads\/2019\/11\/Bottwarbahntrasse_HN_2019_08-300x225.jpg 300w, https:\/\/lerchenbergtunnel.de\/wp-content\/uploads\/2019\/11\/Bottwarbahntrasse_HN_2019_08-359x270.jpg 359w\" sizes=\"auto, (max-width: 644px) 100vw, 644px\" \/><\/a><figcaption class=\"wp-element-caption\">Bottwarbahntrasse von der Eythstra\u00dfe aus gesehen<\/figcaption><\/figure>\n<\/div>\n\n\n<p>Die Idee zur Umnutzung des innerst\u00e4dtischen Trassenteils reicht bereits in die 1980er Jahre zur\u00fcck, als schlie\u00dflich der letzte verbliebene G\u00fcterverkehr auf der n\u00f6rdlichen Bottwarbahn aufgelassen wurde. Schon <strong>1988 <\/strong>wurde die Verwaltung der Stadt Heilbronn vom Gemeinderat erm\u00e4chtigt, von der Bahn das ehemalige Betriebsgel\u00e4nde und die Bahntrasse zwischen der Sontheimer Landwehr und dem Rathenauplatz zu kaufen, um hier einen Fu\u00dfweg anzulegen <em>[DS 536\/1988]<\/em>. Der Kauf erfolgte <strong>1989<\/strong>, der Bau des Wegs wurde jedoch nie in Angriff genommen und einzelne Teile der Trasse in den folgenden Jahren an Anlieger verpachtet bzw. verkauft <em>[s.a. <a href=\"https:\/\/lerchenbergtunnel.de\/?p=976\">Bilderstrecke<\/a>]<\/em>.<\/p>\n\n\n\n<h4 class=\"wp-block-heading\">Neuer Schwung &#8211; Radverkehrsplan und Radroutenkonzept<\/h4>\n\n\n<div class=\"wp-block-image is-resized\">\n<figure class=\"alignright size-full\"><a href=\"https:\/\/lerchenbergtunnel.de\/wp-content\/uploads\/2025\/01\/Ausschnitt_Radroutenkonzept.jpg\"><img loading=\"lazy\" decoding=\"async\" width=\"555\" height=\"409\" src=\"https:\/\/lerchenbergtunnel.de\/wp-content\/uploads\/2025\/01\/Ausschnitt_Radroutenkonzept.jpg\" alt=\"\" class=\"wp-image-2631\" style=\"width:306px;height:auto\" srcset=\"https:\/\/lerchenbergtunnel.de\/wp-content\/uploads\/2025\/01\/Ausschnitt_Radroutenkonzept.jpg 555w, https:\/\/lerchenbergtunnel.de\/wp-content\/uploads\/2025\/01\/Ausschnitt_Radroutenkonzept-300x221.jpg 300w, https:\/\/lerchenbergtunnel.de\/wp-content\/uploads\/2025\/01\/Ausschnitt_Radroutenkonzept-366x270.jpg 366w\" sizes=\"auto, (max-width: 555px) 100vw, 555px\" \/><\/a><figcaption class=\"wp-element-caption\">Ausschnitt aus dem Radroutenkonzept 2011<\/figcaption><\/figure>\n<\/div>\n\n\n<p>Als im April <strong>2008<\/strong> der <a href=\"https:\/\/www.heilbronn.de\/fileadmin\/daten\/stadtheilbronn\/formulare\/umwelt_mobilitaet\/mobilitaet\/Radverkehrsplan_Heilbronn_2008.pdf\" target=\"_blank\" rel=\"noreferrer noopener\">Radverkehrsplan Heilbronn<\/a> verabschiedet wurde, wird die Umnutzung des Trassenabschnitts erneut als sinnvolle Ma\u00dfnahme aufgegriffen: \u201e[\u2026] Der Anlage eines Radwegs auf der ehemaligen Bottwarbahntrasse wird gro\u00dfe Bedeutung beigemessen. Die vergleichsweise wenig vorhandenen Radwegabschnitte im Stadtgebiet, die abseits vom motorisierten Kfz-Verkehr verlaufen, sollten bei der Schaffung eines attraktiven Radwegnetzes dringend vermehrt werden\u201c <em>(S. 41)<\/em>. Auch wird ein Fu\u00df- und Radweg durch das vor der Konversion stehende S\u00fcdbahnhofgel\u00e4nde erw\u00e4hnt <em>[DS ???\/2008]<\/em>. Erg\u00e4nzend wurde im Oktober <strong>2011 <\/strong>das <a href=\"https:\/\/www.heilbronn.de\/fileadmin\/daten\/stadtheilbronn\/formulare\/umwelt_mobilitaet\/mobilitaet\/Drucks_323_Radroutenkonzept.pdf\" target=\"_blank\" rel=\"noreferrer noopener\">Radroutenkonzept der Stadt Heilbronn<\/a> im Bauausschuss beschlossen, um die schrittweise Umsetzung der im Plan vorgeschlagenen Ma\u00dfnahmen zu forcieren. Die Verbindungsbahntrasse einschlie\u00dflich Nutzung des Lerchenbergtunnels bzw. eine durchgehende Ost-(S\u00fcd)West-Verbindung sind dabei jedoch nicht Bestandteil des Gesamtkonzepts <em>[<a href=\"https:\/\/www.heilbronn.de\/fileadmin\/daten\/stadtheilbronn\/formulare\/umwelt_mobilitaet\/mobilitaet\/Drucks_323_Radroutenkonzept.pdf\" target=\"_blank\" rel=\"noreferrer noopener\">DS 323\/2011<\/a>]<\/em>.<\/p>\n\n\n\n<h3 class=\"wp-block-heading\">Der S\u00fcdbahnhof entwickelt sich &#8211; Vision\u00e4re denken weiter<\/h3>\n\n\n<div class=\"wp-block-image is-resized\">\n<figure class=\"alignleft size-full\"><a href=\"https:\/\/lerchenbergtunnel.de\/wp-content\/uploads\/2020\/04\/Suedbahnhoftrasse_0420_1.jpg\"><img loading=\"lazy\" decoding=\"async\" width=\"576\" height=\"768\" src=\"https:\/\/lerchenbergtunnel.de\/wp-content\/uploads\/2020\/04\/Suedbahnhoftrasse_0420_1.jpg\" alt=\"\" class=\"wp-image-951\" style=\"width:306px;height:auto\" srcset=\"https:\/\/lerchenbergtunnel.de\/wp-content\/uploads\/2020\/04\/Suedbahnhoftrasse_0420_1.jpg 576w, https:\/\/lerchenbergtunnel.de\/wp-content\/uploads\/2020\/04\/Suedbahnhoftrasse_0420_1-225x300.jpg 225w, https:\/\/lerchenbergtunnel.de\/wp-content\/uploads\/2020\/04\/Suedbahnhoftrasse_0420_1-203x270.jpg 203w\" sizes=\"auto, (max-width: 576px) 100vw, 576px\" \/><\/a><figcaption class=\"wp-element-caption\">S\u00fcdbahnhof im Jahr 2020 (Blick von der Stuttgarter Br\u00fccke nach Westen)<\/figcaption><\/figure>\n<\/div>\n\n\n<p>Im November <strong>2012<\/strong> wurde im Gemeinderat \u00fcber den Bebauungsplan des ehemaligen S\u00fcdbahnhofgel\u00e4ndes diskutiert. Der Plan sah bereits vor, dass in Ost-West-Richtung durch das Gebiet und in Verl\u00e4ngerung auf der Verbindungsbahntrasse bis zur Silcherstra\u00dfe ein autofreier Rad- und Fu\u00dfweg vom Bautr\u00e4ger <em>aurelis<\/em> geschaffen werden sollte <em>[DS ???\/2012]<\/em>. Der Weg wurde bezeichnet als &#8222;[&#8230;] Teilst\u00fcck des Gr\u00fcnen Rings, eine um die Kernstadt verlaufende Radwege- und Wandertrasse, die ringf\u00f6rmig die Freifl\u00e4chen und Parks in der Innenstadt verbindet.&#8220; <em>[<a href=\"https:\/\/aurelis.de\/pressemitteilungen\/suedbahnhof-heilbronn-entwicklungschance-fuer-die-stadt\/\" target=\"_blank\" rel=\"noreferrer noopener\">aurelis<\/a>; s.a. <a href=\"https:\/\/lerchenbergtunnel.de\/?p=1011\" target=\"_blank\" rel=\"noreferrer noopener\">Gr\u00fcnmasterplan HN<\/a>]<\/em> In diesem Zusammenhang griffen einige Stadtr\u00e4te, allen voran Wolf Theilacker (Gr\u00fcne) und Gerd Kempf (SPD), die urspr\u00fcngliche Idee erneut auf und zeichneten die Vision einer durchgehenden Fu\u00df-\/Radwegverbindung von der Sontheimer Landwehr, \u00fcber das S\u00fcdbahnhofgel\u00e4nde und durch den Lerchenbergtunnel bis zur J\u00e4gerhausstra\u00dfe <em>[<a href=\"https:\/\/www.stimme.de\/archiv\/stadt-hn\/suedbahnhof-wird-ab-2014-bebaut-art-2623660\" target=\"_blank\" rel=\"noreferrer noopener\">HN Stimme, 14.11.12<\/a>]<\/em> &#8211; das sp\u00e4tere Projekt &#8222;Erlebnisweg Lerchenbergtunnel&#8220;. Es erfolgte eine erste Kontaktaufnahme mit der Bahn zu einem m\u00f6glichen Verkauf des Grundst\u00fccks.<\/p>\n\n\n\n<h3 class=\"wp-block-heading\">Eine klare Absage<\/h3>\n\n\n<div class=\"wp-block-image is-resized\">\n<figure class=\"alignright size-full\"><a href=\"https:\/\/lerchenbergtunnel.de\/wp-content\/uploads\/2020\/04\/Suedbahnhoftrasse_0420_6.jpg\"><img loading=\"lazy\" decoding=\"async\" width=\"1024\" height=\"768\" src=\"https:\/\/lerchenbergtunnel.de\/wp-content\/uploads\/2020\/04\/Suedbahnhoftrasse_0420_6.jpg\" alt=\"\" class=\"wp-image-949\" style=\"width:306px;height:auto\" srcset=\"https:\/\/lerchenbergtunnel.de\/wp-content\/uploads\/2020\/04\/Suedbahnhoftrasse_0420_6.jpg 1024w, https:\/\/lerchenbergtunnel.de\/wp-content\/uploads\/2020\/04\/Suedbahnhoftrasse_0420_6-300x225.jpg 300w, https:\/\/lerchenbergtunnel.de\/wp-content\/uploads\/2020\/04\/Suedbahnhoftrasse_0420_6-768x576.jpg 768w, https:\/\/lerchenbergtunnel.de\/wp-content\/uploads\/2020\/04\/Suedbahnhoftrasse_0420_6-360x270.jpg 360w\" sizes=\"auto, (max-width: 1024px) 100vw, 1024px\" \/><\/a><figcaption class=\"wp-element-caption\">&#8222;Tunnel-Idee auf dem Abstellgleis&#8220; titelte die HN Stimme am 10.11.2015<\/figcaption><\/figure>\n<\/div>\n\n\n<p>Nachdem im Vorfeld die Tunnelportale f\u00fcr eine gemeinsame Begehung der Mitglieder des Bau- und Umweltausschusses freigeschnitten wurden, konnten sich die Teilnehmer am 29.09.<strong>2015 <\/strong>ein Bild der Situation vor Ort machen. Am 10.11. wurde daraufhin im Bau- und Umweltauschuss eine emotionale Diskussion \u00fcber die weitere Verfolgung des Projekts gef\u00fchrt. W\u00e4hrend einige Stadtr\u00e4te das Projekt als &#8222;Millionengrab&#8220; und einen Weg durch den Tunnel als &#8222;Angstraum&#8220; bezeichneten, stellte die Verwaltung wirtschaftliche Gr\u00fcnde f\u00fcr ihre Ablehnung heraus (insb. aufgrund der gesch\u00e4tzten Sanierungskosten des Tunnels) und Baub\u00fcrgermeister Wilfried Hajek bezeichnete die Diskussion um das &#8222;Luxusprojekt&#8220; als &#8222;Geisterdebatte&#8220; <em>[<a href=\"https:\/\/www.stimme.de\/themen\/360grad\/Tunnel-Idee-auf-dem-Abstellgleis;art137018,3483626\" target=\"_blank\" rel=\"noreferrer noopener\">HN Stimme, 10.11.15<\/a>]<\/em>. Eine weitere Besch\u00e4ftigung mit dem Projekt durch den Gemeinderat und seitens Verwaltung wurden daher mehrheitlich abgelehnt.<\/p>\n\n\n\n<h3 class=\"wp-block-heading\">Eine B\u00fcrgerinitiative fordert die Kommunalpolitik heraus<\/h3>\n\n\n<div class=\"wp-block-image is-resized\">\n<figure class=\"alignleft size-full\"><a href=\"https:\/\/lerchenbergtunnel.de\/wp-content\/uploads\/2020\/10\/HN_Stimme_Petition.jpg\"><img loading=\"lazy\" decoding=\"async\" width=\"1200\" height=\"630\" src=\"https:\/\/lerchenbergtunnel.de\/wp-content\/uploads\/2020\/10\/HN_Stimme_Petition.jpg\" alt=\"\" class=\"wp-image-1356\" style=\"width:306px;height:auto\" srcset=\"https:\/\/lerchenbergtunnel.de\/wp-content\/uploads\/2020\/10\/HN_Stimme_Petition.jpg 1200w, https:\/\/lerchenbergtunnel.de\/wp-content\/uploads\/2020\/10\/HN_Stimme_Petition-300x158.jpg 300w, https:\/\/lerchenbergtunnel.de\/wp-content\/uploads\/2020\/10\/HN_Stimme_Petition-1024x538.jpg 1024w, https:\/\/lerchenbergtunnel.de\/wp-content\/uploads\/2020\/10\/HN_Stimme_Petition-768x403.jpg 768w, https:\/\/lerchenbergtunnel.de\/wp-content\/uploads\/2020\/10\/HN_Stimme_Petition-514x270.jpg 514w\" sizes=\"auto, (max-width: 1200px) 100vw, 1200px\" \/><\/a><figcaption class=\"wp-element-caption\">Unterschriften-\u00dcbergabe nach Abschluss der Petition, v.l.n.r.: Wolf Theilacker, Hartmut Seitz-Bay, OB Harry Mergel und Martin B\u00fccker (Foto: HN Stimme, Ekkehart Nupnau)<\/figcaption><\/figure>\n<\/div>\n\n\n<p>Eine Gruppe von Stadtr\u00e4ten, denen diese Entscheidung zu kurzsichtig erschien, startete in <strong>2017 <\/strong>eine B\u00fcrgerinitiative zur F\u00f6rderung der Projektidee, aus der heraus am 14.03. der Verein &#8222;<a href=\"https:\/\/lerchenbergtunnel.de\/?page_id=21\">Erlebnisweg Lerchenbergtunnel<\/a>&#8220; gegr\u00fcndet wurde. Auf einen initialen Informationsnachmittag rund zwei Wochen nach der Gr\u00fcndung folgten in den kommenden Jahren mehrere \u00f6ffentlichkeitswirksame Aktionen, wie z.B. symbolische Freischnitte, \u00f6ffentliche Trassenbegehungen, das Aufstellen von gro\u00dfformatigen Bannern, die Teilnahme an den Heilbronner Nachhaltigkeitstagen, Infoveranstaltungen, sowie Vortr\u00e4ge in den Sitzungen der Ratsfraktionen <em>[Details s. Blogeintr\u00e4ge ab M\u00e4rz 2017]<\/em>. Durch eine organisierte Fahrt zur <a href=\"https:\/\/lerchenbergtunnel.de\/?page_id=80\">Nordbahntrasse in Wuppertal<\/a> wurde den Teilnehmern eindrucksvoll aufgezeigt, welches Potential in der Umwidmung von Bahnstrecken zu Radwegen steckt. Ein gro\u00dfer Erfolg der Vereinsaktivit\u00e4ten war die Durchf\u00fchrung einer Petition f\u00fcr die weitere Verfolgung des Projekts durch die Verwaltung der Stadt Heilbronn, welche das erforderliche Quorum von 1300 Unterschriften aus dem Stadtgebiet \u00fcbertraf. Die Unterschriften wurden OB Harry Mergel am 29.10.<strong>2020<\/strong> \u00fcbergeben, welcher sich durch eine gutachterliche Einsch\u00e4tzung zum Zustand des Tunnelbauwerks auf den Termin vorbereitet hatte und ein Vorlage des Ergebnisses im Gemeinderat zusagte <em>[<a href=\"https:\/\/www.stimme.de\/heilbronn\/nachrichten\/stadt\/lokales\/licht-am-ende-des-heilbronner-lerchenberg-tunnels;art140895,4411355\" target=\"_blank\" rel=\"noreferrer noopener\">HN Stimme, 30.10.20<\/a>]<\/em>. Die \u00dcbergabe fand symboltr\u00e4chtig am ehemaligen Bahn\u00fcbergang Silcherstra\u00dfe \/ C\u00e4cilienbrunnenstra\u00dfe statt, am derzeitigen Ende des in 2020 fertiggestellten (und in 2021 freigegebenen) Fu\u00df- und Radwegs durch das S\u00fcdbahnhofgel\u00e4nde &#8211; dem Mittelst\u00fcck des &#8222;Erlebniswegs&#8220;. Damit war das Projekt zur\u00fcck auf der B\u00fchne der Kommunalpolitik.<\/p>\n\n\n\n<h3 class=\"wp-block-heading\">Das Mobilit\u00e4tskonzept als T\u00fcr\u00f6ffner?<\/h3>\n\n\n<div class=\"wp-block-image is-resized\">\n<figure class=\"alignright size-full\"><a href=\"https:\/\/lerchenbergtunnel.de\/wp-content\/uploads\/2020\/07\/Logo_HN.png\"><img loading=\"lazy\" decoding=\"async\" width=\"289\" height=\"54\" src=\"https:\/\/lerchenbergtunnel.de\/wp-content\/uploads\/2020\/07\/Logo_HN.png\" alt=\"\" class=\"wp-image-1263\" style=\"width:306px;height:auto\"\/><\/a><figcaption class=\"wp-element-caption\">Mobilit\u00e4tskonzept 2030<\/figcaption><\/figure>\n<\/div>\n\n\n<p>Nahezu zeitgleich wurde durch die Verwaltung die Ausarbeitung des &#8222;<a href=\"https:\/\/www.heilbronn.de\/umwelt-mobilitaet\/mobilitaet\/mobilitaetskonzept-2030.html\" target=\"_blank\" rel=\"noreferrer noopener\">Mobilit\u00e4tskonzepts Heilbronn 2030<\/a>&#8220; abgeschlossen. Im Vorfeld der Beschlussfassung in der Gemeinderatssitzung am 13.11.2020 reichten die Fraktionen ihre \u00c4nderungsantr\u00e4ge ein. Unter anderem forderte die Fraktion der Gr\u00fcnen, dass der &#8222;[&#8230;] autofreie Schnellradweg auf der Bottwarbahntrasse [&#8230;] umgehend zur F\u00f6rderung angemeldet [&#8230;]&#8220; und die &#8222;[&#8230;] Lerchenbergtrasse in st\u00e4dtisches Eigentum \u00fcberf\u00fchrt (wird), um sie k\u00fcnftig als Fu\u00df- und Radweg zu nutzen [&#8230;]&#8220;. Der Pr\u00fcfung zur Anmeldung einer F\u00f6rderung war die Stadt nicht abgeneigt, zum Kauf der Trasse wurde jedoch vermerkt: &#8222;Der Lerchenbergtunnel wird nicht in st\u00e4dtisches Eigentum \u00fcberf\u00fchrt, solange derzeit unbezifferbare und nicht ausschlie\u00dfbare Risiken aus der Baulast des Tunnels f\u00fcr die Stadt Heilbronn offen sind. [&#8230;] \u00dcber eine \u00dcberf\u00fchrung des Lerchenbergtunnels in st\u00e4dtisches Eigentum ist nach Vorliegen der Bauzustandsanalyse zu entscheiden.&#8220; <em>[<a href=\"https:\/\/heilbronn-sitzungsdienst.komm.one\/bi\/getfile.asp?id=5558&amp;type=do\" target=\"_blank\" rel=\"noreferrer noopener\">DS 294\/2019, Anlage b<\/a>, Antrag Nr. 16a+b]<\/em><\/p>\n\n\n\n<h3 class=\"wp-block-heading\">Ein z\u00e4her Weg bis zum Durchbruch<\/h3>\n\n\n<div class=\"wp-block-image is-resized\">\n<figure class=\"alignleft size-full\"><a href=\"https:\/\/lerchenbergtunnel.de\/wp-content\/uploads\/2022\/10\/Gemeinderat.jpg\"><img loading=\"lazy\" decoding=\"async\" width=\"1200\" height=\"630\" src=\"https:\/\/lerchenbergtunnel.de\/wp-content\/uploads\/2022\/10\/Gemeinderat.jpg\" alt=\"Gemeinderat HN 2019\" class=\"wp-image-1677\" style=\"width:306px;height:auto\" srcset=\"https:\/\/lerchenbergtunnel.de\/wp-content\/uploads\/2022\/10\/Gemeinderat.jpg 1200w, https:\/\/lerchenbergtunnel.de\/wp-content\/uploads\/2022\/10\/Gemeinderat-300x158.jpg 300w, https:\/\/lerchenbergtunnel.de\/wp-content\/uploads\/2022\/10\/Gemeinderat-1024x538.jpg 1024w, https:\/\/lerchenbergtunnel.de\/wp-content\/uploads\/2022\/10\/Gemeinderat-768x403.jpg 768w, https:\/\/lerchenbergtunnel.de\/wp-content\/uploads\/2022\/10\/Gemeinderat-514x270.jpg 514w\" sizes=\"auto, (max-width: 1200px) 100vw, 1200px\" \/><\/a><figcaption class=\"wp-element-caption\">Mehrfach entscheidet der Heilbronner Gemeinderat im Zusammenhang mit dem Projekt<\/figcaption><\/figure>\n<\/div>\n\n\n<p>Auf Basis der gutachterlichen Ersteinsch\u00e4tzung vom 27.10.2020 wurde am 11.02.<strong>2021 <\/strong>mit einfacher Mehrheit im Gemeinderat die Beauftragung eines umfassenden Statikgutachtens und einer Machbarkeitsstudie durch Bereitstellung \u00fcberplanm\u00e4\u00dfiger Finanzmittel beschlossen <em>[<a href=\"https:\/\/heilbronn-sitzungsdienst.komm.one\/bi\/vo0050.asp?__kvonr=2278\" target=\"_blank\" rel=\"noreferrer noopener\">DS 032\/2021<\/a>]<\/em>. Das durch die Firma HIC Geotechnik und Tunnelbau erstellte Gutachten lieferte einen positiven Bescheid \u00fcber den baulichen Zustand des Tunnels, enthielt eine Bewertung zur Verkehrssicherheit und zeigte M\u00f6glichkeiten zur Sanierung auf. Am 06.10.<strong>2022 <\/strong>wurde daraufhin auf die Antr\u00e4ge von Verwaltung, Gr\u00fcnen- und AfD-Fraktion hin der Beschluss zur Erstellung einer Vorplanung einschlie\u00dflich Kostensch\u00e4tzung im Gemeinderat gefasst <em>[<a href=\"https:\/\/heilbronn-sitzungsdienst.komm.one\/bi\/vo0050.asp?__kvonr=2876\" target=\"_blank\" rel=\"noreferrer noopener\">DS 264\/2022<\/a>]<\/em>. Nach Vorliegen der Kostensch\u00e4tzung konnte im n\u00e4chsten Schritt \u00fcber die eigentliche Aufnahme in die Vorhabenliste des Amts f\u00fcr Verkehrswesen (inzwischen unter Leitung des neuen Baub\u00fcrgermeisters Andreas Ringle) abgestimmt werden. In diesem Rahmen wurde am 23.11.<strong>2023<\/strong> auf Antrag von Gr\u00fcnen und SPD zus\u00e4tzlich eine Priorisierung des Projekts in der Vorhabenliste beschlossen <em>[<a href=\"https:\/\/heilbronn-sitzungsdienst.komm.one\/bi\/vo0050.asp?__kvonr=3147\" target=\"_blank\" rel=\"noreferrer noopener\">DS 151\/2023<\/a>]<\/em>. Diese Entscheidung stellte den eigentlichen Durchbruch f\u00fcr die z\u00fcgige Umsetzung des Projekts dar. Die Verwaltung hatte in diesem Zusammenhang einen kombinierten Antrag auf F\u00f6rdermittel von Land und Bund gestellt <em>[s. <a href=\"https:\/\/lerchenbergtunnel.de\/?page_id=30\">Finanzierungskonzept<\/a>]<\/em>, der hinsichtlich der Landesmittel bereits im M\u00e4rz <strong>2024<\/strong> positiv beschieden wurde. Die Finanzierung von Planung, Grundst\u00fcckserwerb und Bau wurde in den Doppelhaushaltsentwurf 2025\/26 aufgenommen. Das Projekt war auch Thema im Wahlkampf f\u00fcr die Kommunalwahl im Juni, bei dem sich einzelne Fraktionen in ihren Programmen f\u00fcr bzw. gegen das Projekt aussprachen <em>[s. <a href=\"https:\/\/lerchenbergtunnel.de\/?p=2139\">Blogeintrag<\/a>]<\/em>. Bei der Diskussion der Haushaltsantr\u00e4ge aus den Fraktionen am 16.12.2024 setzte sich letztlich ein kurzfristiger Antrag durch, wodurch die Finazmittel mit einem Sperrvermerk belegt wurden, solange die Gesamtkosten unter Ber\u00fccksichtigung der angefragten F\u00f6rdermittel (Anteil Bund) und des Kaufpreises (Grunderwerb der restlichen Verbindungsbahntrasse) noch final ungekl\u00e4rt sind <em>[<a href=\"https:\/\/heilbronn-sitzungsdienst.komm.one\/bi\/vo0050.asp?__kvonr=3734\" target=\"_blank\" rel=\"noreferrer noopener\">DS 247\/2024<\/a>, Verabschiedung Haushalt 19.12.]<\/em>. Nachdem im Laufe des Jahres <strong>2025<\/strong> zun\u00e4chst die fehlende F\u00f6rderzusage des Bundesprogramms, sowie die Verkaufszusage der Bahn zu einem akzeptablen Preis vorlagen, konnte der Sperrvermerk schlie\u00dflich im Rahmen der Gemeinderatssitzung am 18.12.2025 aufgehoben werden. Gleichzeitig wurde das Ergebnis der Entwurfsplanung genehmigt, womit der Weg f\u00fcr den Start in die Ausf\u00fchrungsphase nach langem kommunalpolitischem Tauziehen endlich frei war <em>[<a href=\"https:\/\/heilbronn-sitzungsdienst.komm.one\/bi\/vo0050.asp?__kvonr=4453\" target=\"_blank\" rel=\"noreferrer noopener\">DS 278\/2025<\/a>]<\/em>.<\/p>\n\n\n\n<p><em>&#8212; Stand Ende 12\/2025 &#8211; To be continued! &#8212;<\/em><\/p>\n\n\n\n<h2 class=\"wp-block-heading\">Ausblick<\/h2>\n\n\n\n<p>Entsprechend des geplanten Projektfortschritts werden folgende Ereignisse erwartet:<\/p>\n\n\n\n<h4 class=\"wp-block-heading\">2026<\/h4>\n\n\n\n<ul class=\"wp-block-list\">\n<li>\u00d6ffentlichkeitsarbeit durch Stadt und Verein<\/li>\n\n\n\n<li>Entwurfsplanung und Ausschreibung<\/li>\n\n\n\n<li>Kauf der an den Tunnel angrenzenden Trassengrundst\u00fccke von der DB<\/li>\n<\/ul>\n\n\n\n<h4 class=\"wp-block-heading\">2027<\/h4>\n\n\n\n<ul class=\"wp-block-list\">\n<li>Vergabe der Bauarbeiten<\/li>\n\n\n\n<li>Ausf\u00fchrung der Bauarbeiten (Wegebau und Tunnelsanierung)<\/li>\n\n\n\n<li>Pr\u00e4sentation des Projekts im Rahmen der Veranstaltungen zur &#8222;European Green Capital&#8220;<\/li>\n\n\n\n<li>Freigabe\/Er\u00f6ffnung (ggf. in zwei Abschnitten; je nach Fortschritt erst A.2028)<\/li>\n<\/ul>\n\n\n\n<hr class=\"wp-block-separator has-alpha-channel-opacity\"\/>\n\n\n\n<p class=\"has-text-align-right\"><em>Weiterlesen:<\/em> <a href=\"https:\/\/lerchenbergtunnel.de\/?page_id=22\"><strong>Meilensteine \/ Status<\/strong> >><\/a><\/p>\n\n\n\n<p><a href=\"https:\/\/lerchenbergtunnel.de\/?page_id=3048\">&lt;&lt; <strong>Weggestaltung und Planungsdetails<\/strong><\/a> <em>(Zur\u00fcck)<\/em><\/p>\n\n\n\n<p><\/p>\n","protected":false},"excerpt":{"rendered":"<p>Hinweis zur Quellenangabe: [DS 123\/2015] = siehe Gemeinderats-Drucksache Nr. 123 aus dem Jahr 2015; abrufbar ab 09\/2014 im Heilbronner Gremieninformationssystem] Am Anfang war die Bahn Die historische Ausgangslage f\u00fcr das Projekt wurde in den Jahren 1890er Jahren geschaffen durch den Bau der 34km langen Bottwarbahn zwischen Marbach und Heilbronn (S\u00fcdbahnhof), sowie den sp\u00e4ten Anschluss des S\u00fcdbahnhofs \u00fcber die Verbindungsbahn durch den 1900\/01 erbauten Lerchenbergtunnel an die Strecke Heilbronn &#8211; Crailsheim (Abzweig Karlstor). Ab den 1960er Jahren wurden Personen- und G\u00fcterverkehr&#8230;<\/p>\n<p class=\"read-more\"><a class=\"btn btn-default\" href=\"https:\/\/lerchenbergtunnel.de\/?page_id=2517\">Weiterlesen<span class=\"screen-reader-text\"> Weiterlesen<\/span><\/a><\/p>\n","protected":false},"author":7,"featured_media":0,"parent":0,"menu_order":0,"comment_status":"closed","ping_status":"closed","template":"","meta":{"footnotes":""},"class_list":["post-2517","page","type-page","status-publish","hentry"],"featured_image_urls_v2":{"full":"","thumbnail":"","medium":"","medium_large":"","large":"","1536x1536":"","2048x2048":"","complete_open_graph":"","post-thumbnail":"","nisarg-full-width":""},"post_excerpt_stackable_v2":"<p>Hinweis zur Quellenangabe: [DS 123\/2015] = siehe Gemeinderats-Drucksache Nr. 123 aus dem Jahr 2015; abrufbar ab 09\/2014 im Heilbronner Gremieninformationssystem] Am Anfang war die Bahn Die Bottwarbahn bei Beilstein im Jahr 1967 (Foto: Eugen Werner) Die historische Ausgangslage f\u00fcr das Projekt wurde in den Jahren 1890er Jahren geschaffen durch den Bau der 34km langen Bottwarbahn zwischen Marbach und Heilbronn (S\u00fcdbahnhof), sowie den sp\u00e4ten Anschluss des S\u00fcdbahnhofs \u00fcber die Verbindungsbahn durch den 1900\/01 erbauten Lerchenbergtunnel an die Strecke Heilbronn &#8211; Crailsheim (Abzweig Karlstor). Ab den 1960er Jahren wurden Personen- und G\u00fcterverkehr sukzessive eingestellt [s.a. Historie der Bottwarbahn]. Teile der ehemaligen Bottwarbahntrasse&hellip;<\/p>\n","category_list_v2":"","author_info_v2":{"name":"Admin","url":"https:\/\/lerchenbergtunnel.de\/?author=7"},"comments_num_v2":"0 comments","_links":{"self":[{"href":"https:\/\/lerchenbergtunnel.de\/index.php?rest_route=\/wp\/v2\/pages\/2517","targetHints":{"allow":["GET"]}}],"collection":[{"href":"https:\/\/lerchenbergtunnel.de\/index.php?rest_route=\/wp\/v2\/pages"}],"about":[{"href":"https:\/\/lerchenbergtunnel.de\/index.php?rest_route=\/wp\/v2\/types\/page"}],"author":[{"embeddable":true,"href":"https:\/\/lerchenbergtunnel.de\/index.php?rest_route=\/wp\/v2\/users\/7"}],"replies":[{"embeddable":true,"href":"https:\/\/lerchenbergtunnel.de\/index.php?rest_route=%2Fwp%2Fv2%2Fcomments&post=2517"}],"version-history":[{"count":34,"href":"https:\/\/lerchenbergtunnel.de\/index.php?rest_route=\/wp\/v2\/pages\/2517\/revisions"}],"predecessor-version":[{"id":3143,"href":"https:\/\/lerchenbergtunnel.de\/index.php?rest_route=\/wp\/v2\/pages\/2517\/revisions\/3143"}],"wp:attachment":[{"href":"https:\/\/lerchenbergtunnel.de\/index.php?rest_route=%2Fwp%2Fv2%2Fmedia&parent=2517"}],"curies":[{"name":"wp","href":"https:\/\/api.w.org\/{rel}","templated":true}]}}