{"id":24,"date":"2019-01-12T21:03:40","date_gmt":"2019-01-12T21:03:40","guid":{"rendered":"http:\/\/lerchenbergtunnel.de\/?page_id=24"},"modified":"2026-03-01T21:26:33","modified_gmt":"2026-03-01T21:26:33","slug":"ueber-uns","status":"publish","type":"page","link":"https:\/\/lerchenbergtunnel.de\/?page_id=24","title":{"rendered":"Vorstand"},"content":{"rendered":"\n<p>Der aktuelle Vorstand wurde auf der Jahreshauptversammlung am 27.10.2022 gew\u00e4hlt. Er wurde in gleicher Besetzung auf den Mitgliederversammlungen am 01.02.2024 und 25.02.2026 best\u00e4tigt.<\/p>\n\n\n\n<div class=\"wp-block-ugb-container ugb-container ugb-container--width-small ugb-92fb0ae ugb-container--v2 ugb-container--design-basic ugb-main-block\"><div class=\"ugb-inner-block\"><div class=\"ugb-block-content\"><div class=\"ugb-container__wrapper ugb-92fb0ae-wrapper\"><div class=\"ugb-container__side\"><div class=\"ugb-container__content-wrapper ugb-92fb0ae-content-wrapper\">\n<div class=\"wp-block-ugb-team-member ugb-team-member ugb-4f61f77 ugb-team-member--v3 ugb-team-member--design-plain ugb-team-member--columns-3 ugb-main-block\"><div class=\"ugb-inner-block\"><div class=\"ugb-block-content\"><div class=\"ugb-team-member__item ugb-team-member__item1\"><div class=\"ugb-team-member__image\"><img loading=\"lazy\" decoding=\"async\" width=\"130\" height=\"173\" class=\"ugb-img wp-image-1690\" src=\"https:\/\/lerchenbergtunnel.de\/wp-content\/uploads\/2022\/11\/Buecker.jpg\" alt=\"Martin B\u00fccker\" title=\"\"\/><\/div><div class=\"ugb-team-member__content\"><div class=\"ugb-team-member__title\"><h4 class=\"ugb-team-member__name\">Martin B\u00fccker<\/h4><p class=\"ugb-team-member__position\">1. Vorsitzender,<br>Administrator,<br>Datenschutzbeauftragter<\/p><\/div><\/div><\/div><div class=\"ugb-team-member__item ugb-team-member__item2\"><div class=\"ugb-team-member__image\"><img loading=\"lazy\" decoding=\"async\" width=\"130\" height=\"173\" class=\"ugb-img wp-image-1691\" src=\"https:\/\/lerchenbergtunnel.de\/wp-content\/uploads\/2022\/11\/Godbillon.jpg\" alt=\"Pascal Godbillon\" title=\"\"\/><\/div><div class=\"ugb-team-member__content\"><div class=\"ugb-team-member__title\"><h4 class=\"ugb-team-member__name\">Pascal Godbillon<\/h4><p class=\"ugb-team-member__position\">Stellv. Vorsitzender,<br>Schriftf\u00fchrer<\/p><\/div><\/div><\/div><div class=\"ugb-team-member__item ugb-team-member__item3\"><div class=\"ugb-team-member__image\"><img loading=\"lazy\" decoding=\"async\" width=\"130\" height=\"173\" class=\"ugb-img wp-image-423\" src=\"https:\/\/lerchenbergtunnel.de\/wp-content\/uploads\/2019\/05\/Etzler.jpg\" alt=\"Helmuth Etzler\" title=\"\"\/><\/div><div class=\"ugb-team-member__content\"><div class=\"ugb-team-member__title\"><h4 class=\"ugb-team-member__name\">Helmuth Etzler<\/h4><p class=\"ugb-team-member__position\">Kassenwart,<br>Mitgliederverwaltung<\/p><\/div><\/div><\/div><\/div><\/div><\/div>\n<\/div><\/div><\/div><\/div><\/div><\/div>\n\n\n\n<h3 class=\"wp-block-heading\">Ehemalige Vorst\u00e4nde:<\/h3>\n\n\n\n<ul class=\"wp-block-list\">\n<li><strong>Wolf Theilacker<\/strong> (Gr\u00fcndungsvorstand, 1. Vorsitzender, 2017-2022)<\/li>\n\n\n\n<li><strong>Heidrun Landwehr<\/strong> (Gr\u00fcndungsvorstand, 2017-2022)<\/li>\n\n\n\n<li><strong>Wolfgang Palm<\/strong> (Gr\u00fcndungsvorstand, 2017-2020?; \u2020 2025)<\/li>\n<\/ul>\n","protected":false},"excerpt":{"rendered":"<p>Der aktuelle Vorstand wurde auf der Jahreshauptversammlung am 27.10.2022 gew\u00e4hlt. Er wurde in gleicher Besetzung auf den Mitgliederversammlungen am 01.02.2024 und 25.02.2026 best\u00e4tigt. Martin B\u00fccker 1. Vorsitzender,Administrator,Datenschutzbeauftragter Pascal Godbillon Stellv. Vorsitzender,Schriftf\u00fchrer Helmuth Etzler Kassenwart,Mitgliederverwaltung Ehemalige Vorst\u00e4nde:<\/p>\n","protected":false},"author":7,"featured_media":0,"parent":0,"menu_order":0,"comment_status":"closed","ping_status":"closed","template":"","meta":{"footnotes":""},"class_list":["post-24","page","type-page","status-publish","hentry"],"featured_image_urls_v2":{"full":"","thumbnail":"","medium":"","medium_large":"","large":"","1536x1536":"","2048x2048":"","complete_open_graph":"","post-thumbnail":"","nisarg-full-width":""},"post_excerpt_stackable_v2":"<p>Der aktuelle Vorstand wurde auf der Jahreshauptversammlung am 27.10.2022 gew\u00e4hlt. Er wurde in gleicher Besetzung auf den Mitgliederversammlungen am 01.02.2024 und 25.02.2026 best\u00e4tigt. Martin B\u00fccker1. Vorsitzender,Administrator,DatenschutzbeauftragterPascal GodbillonStellv. Vorsitzender,Schriftf\u00fchrerHelmuth EtzlerKassenwart,Mitgliederverwaltung Ehemalige Vorst\u00e4nde: Wolf Theilacker (Gr\u00fcndungsvorstand, 1. Vorsitzender, 2017-2022) Heidrun Landwehr (Gr\u00fcndungsvorstand, 2017-2022) Wolfgang Palm (Gr\u00fcndungsvorstand, 2017-2020?; \u2020 2025)<\/p>\n","category_list_v2":"","author_info_v2":{"name":"Admin","url":"https:\/\/lerchenbergtunnel.de\/?author=7"},"comments_num_v2":"0 comments","_links":{"self":[{"href":"https:\/\/lerchenbergtunnel.de\/index.php?rest_route=\/wp\/v2\/pages\/24","targetHints":{"allow":["GET"]}}],"collection":[{"href":"https:\/\/lerchenbergtunnel.de\/index.php?rest_route=\/wp\/v2\/pages"}],"about":[{"href":"https:\/\/lerchenbergtunnel.de\/index.php?rest_route=\/wp\/v2\/types\/page"}],"author":[{"embeddable":true,"href":"https:\/\/lerchenbergtunnel.de\/index.php?rest_route=\/wp\/v2\/users\/7"}],"replies":[{"embeddable":true,"href":"https:\/\/lerchenbergtunnel.de\/index.php?rest_route=%2Fwp%2Fv2%2Fcomments&post=24"}],"version-history":[{"count":44,"href":"https:\/\/lerchenbergtunnel.de\/index.php?rest_route=\/wp\/v2\/pages\/24\/revisions"}],"predecessor-version":[{"id":3146,"href":"https:\/\/lerchenbergtunnel.de\/index.php?rest_route=\/wp\/v2\/pages\/24\/revisions\/3146"}],"wp:attachment":[{"href":"https:\/\/lerchenbergtunnel.de\/index.php?rest_route=%2Fwp%2Fv2%2Fmedia&parent=24"}],"curies":[{"name":"wp","href":"https:\/\/api.w.org\/{rel}","templated":true}]}}