{"id":21,"date":"2019-01-12T21:03:40","date_gmt":"2019-01-12T21:03:40","guid":{"rendered":"http:\/\/lerchenbergtunnel.de\/?page_id=21"},"modified":"2025-10-23T22:51:15","modified_gmt":"2025-10-23T22:51:15","slug":"verein","status":"publish","type":"page","link":"https:\/\/lerchenbergtunnel.de\/?page_id=21","title":{"rendered":"Verein"},"content":{"rendered":"<div class=\"wp-block-image\">\n<figure class=\"alignright is-resized\"><img loading=\"lazy\" decoding=\"async\" width=\"220\" height=\"189\" src=\"https:\/\/lerchenbergtunnel.de\/wp-content\/uploads\/2019\/01\/Lerchenbergtunnel_Logo_CMYK-e1557009968228.png\" alt=\"\" class=\"wp-image-62\" style=\"width:240px;height:auto\"\/><figcaption class=\"wp-element-caption\">Das Logo symbolisiert durch drei Piktogramme (Lerche, Berg, Tunnel) das Kernbauwerk des Erlebniswegs, den Lerchenbergtunnel.<\/figcaption><\/figure>\n<\/div>\n\n\n<p>Der Verein <strong>Erlebnisweg Lerchenbergtunnel<\/strong> wurde am 14. M\u00e4rz 2017 gegr\u00fcndet. Der Gr\u00fcndungs-Vereinsvorstand bestand aus den Stadtr\u00e4ten Wolf Theilacker (GR\u00dcNE), Heidrun Landwehr (SPD) und Wolfgang Palm (CDU). Ausschlaggebend f\u00fcr die Gr\u00fcndung war seinerzeit die Schaffung eines \u00f6ffentlichkeitswirksamen Gegenpols zur mehrheitlich ablehnenden Haltung des Heilbronner Gemeinderats bzgl. des Vorschlags eines Fu\u00df- und Radwegs durch den Lerchenbergtunnel. Der Verein ist seit dem Steuerjahr 2018 als <strong>gemeinn\u00fctzig <\/strong>anerkannt (<strong>e.V.<\/strong>).<br><a href=\"https:\/\/lerchenbergtunnel.de\/?page_id=24\">-> <strong>Aktueller Vorstand<\/strong> (seit 27.10.2022)<\/a><\/p>\n\n\n\n<h2 class=\"wp-block-heading\">Vision und Ziele<\/h2>\n\n\n<div class=\"wp-block-image\">\n<figure class=\"alignleft is-resized\"><a href=\"https:\/\/lerchenbergtunnel.de\/wp-content\/uploads\/2019\/01\/Tunnel-Finnentrop.png\"><img loading=\"lazy\" decoding=\"async\" width=\"609\" height=\"408\" src=\"https:\/\/lerchenbergtunnel.de\/wp-content\/uploads\/2019\/01\/Tunnel-Finnentrop.png\" alt=\"\" class=\"wp-image-121\" style=\"width:259px;height:173px\" srcset=\"https:\/\/lerchenbergtunnel.de\/wp-content\/uploads\/2019\/01\/Tunnel-Finnentrop.png 609w, https:\/\/lerchenbergtunnel.de\/wp-content\/uploads\/2019\/01\/Tunnel-Finnentrop-300x201.png 300w, https:\/\/lerchenbergtunnel.de\/wp-content\/uploads\/2019\/01\/Tunnel-Finnentrop-403x270.png 403w\" sizes=\"auto, (max-width: 609px) 100vw, 609px\" \/><\/a><figcaption class=\"wp-element-caption\">Vergleichbares Projekt bei<br>K\u00fcckelheim im Sauerland<br>(Quelle: <a aria-label=\"sauerlandradring.de (\u00f6ffnet in neuem Tab)\" href=\"https:\/\/www.sauerlandradring.de\/\" target=\"_blank\" rel=\"noreferrer noopener\">sauerlandradring.de<\/a>)<\/figcaption><\/figure>\n<\/div>\n\n\n<p><strong>Vision und Ziel des Vereins<\/strong> entsprechend der <strong><a href=\"https:\/\/lerchenbergtunnel.de\/wp-content\/uploads\/2019\/05\/Satzung.pdf\">Satzung<\/a><\/strong> ist die Umwidmung der ehemaligen, nahezu steigungsfreien &#8222;Verbindungsbahn zur Bottwartalbahn&#8220; von der J\u00e4gerhausstra\u00dfe\/Im Wannental bis zum S\u00fcdbahnhof-Areal, sowie des ersten Teils der &#8222;<a href=\"https:\/\/lerchenbergtunnel.de\/?page_id=31\">Bottwarbahn<\/a>&#8220; bis Sontheimer Landwehr in einen insgesamt ca. 3km langen <strong>Fu\u00df- und Radweg zur schnellen und sicheren Verbindung<\/strong> von Ost- und S\u00fcdstadt. Damit soll gleichzeitig durch St\u00e4rkung des Radverkehrs ein <strong>Beitrag zum Umweltschutz<\/strong> geliefert werden. Dar\u00fcber hinaus soll der <strong>kulturhistorische Aspekt des Industriedenkmals &#8222;Lerchenbergtunnel&#8220;<\/strong> hervorgehoben werden und so den Fu\u00df-\/Radweg zu einem echten <strong>Erlebnisweg <\/strong>machen.<br><a href=\"https:\/\/lerchenbergtunnel.de\/?page_id=22\">-> Hier gibt es weitere Details zum <strong>Projekt<\/strong><\/a>.<\/p>\n\n\n\n<p>Der Verein versteht sich dabei als \u00fcberparteiliche <strong>Plattform zur Unterst\u00fctzung<\/strong> dieser Idee. Wir leisten <strong>\u00d6ffentlichkeitsarbeit<\/strong>, um durch eine aufgeschlossene Haltung zu den Projektzielen die Stadt Heilbronn zur Realisierung zu bewegen.<\/p>\n\n\n\n<h2 class=\"wp-block-heading\">Unterst\u00fctzen &#8211; und Mitglied werden!<\/h2>\n\n\n\n<p>Wer die Idee des Projekts und den Verein bei der Realisierung der Vision <strong>unterst\u00fctzen <\/strong>m\u00f6chte, z.B. durch eine aktive <a aria-label=\" (\u00f6ffnet in neuem Tab)\" href=\"https:\/\/lerchenbergtunnel.de\/wp-content\/uploads\/2019\/05\/Aufnahmeantrag.pdf\" target=\"_blank\" rel=\"noreferrer noopener\"><strong>Mitgliedschaft<\/strong><\/a> im Verein, <a href=\"https:\/\/lerchenbergtunnel.de\/?page_id=26\">findet hier weitere Infos<\/a>.<\/p>\n\n\n\n<h2 class=\"wp-block-heading\">Das schreibt die Presse<\/h2>\n\n\n<div class=\"wp-block-image\">\n<figure class=\"alignright is-resized\"><a href=\"https:\/\/lerchenbergtunnel.de\/?page_id=27\"><img loading=\"lazy\" decoding=\"async\" width=\"241\" height=\"57\" src=\"https:\/\/lerchenbergtunnel.de\/wp-content\/uploads\/2019\/01\/icon_hst.png\" alt=\"\" class=\"wp-image-113\" style=\"width:226px;height:53px\"\/><\/a><\/figure>\n<\/div>\n\n\n<p>\u00dcber die Enwicklung der Idee und die Arbeit des Vereins wird regelm\u00e4\u00dfig <a href=\"https:\/\/lerchenbergtunnel.de\/?page_id=27\">in der <strong>Presse<\/strong> berichtet<\/a>.<\/p>\n\n\n\n<h2 class=\"wp-block-heading\">Mitgliedschaften<\/h2>\n\n\n\n<p>Der Verein ist Mitglied im <a href=\"https:\/\/nenahn.de\/\" target=\"_blank\" rel=\"noreferrer noopener\"><strong>NeNaHN<\/strong><\/a> (Netzwerk Nachhaltigkeit Heilbronn) auf Basis der <a href=\"https:\/\/unric.org\/de\/17ziele\/\" target=\"_blank\" rel=\"noreferrer noopener\">SDGs<\/a> Nr. 11 (Nachhaltige St\u00e4dte und Gemeinden) und 13 (Ma\u00dfnahmen zum Klimaschutz).<\/p>\n\n\n<div class=\"wp-block-image\">\n<figure class=\"alignleft size-full is-resized\"><a href=\"https:\/\/nenahn.de\/\" target=\"_blank\" rel=\" noreferrer noopener\"><img loading=\"lazy\" decoding=\"async\" width=\"120\" height=\"49\" src=\"https:\/\/lerchenbergtunnel.de\/wp-content\/uploads\/2024\/12\/NeNaHN_Logo.png\" alt=\"\" class=\"wp-image-2434\" style=\"width:150px\"\/><\/a><\/figure>\n<\/div>\n\n\n<p><\/p>\n","protected":false},"excerpt":{"rendered":"<p>Der Verein Erlebnisweg Lerchenbergtunnel wurde am 14. M\u00e4rz 2017 gegr\u00fcndet. Der Gr\u00fcndungs-Vereinsvorstand bestand aus den Stadtr\u00e4ten Wolf Theilacker (GR\u00dcNE), Heidrun Landwehr (SPD) und Wolfgang Palm (CDU). Ausschlaggebend f\u00fcr die Gr\u00fcndung war seinerzeit die Schaffung eines \u00f6ffentlichkeitswirksamen Gegenpols zur mehrheitlich ablehnenden Haltung des Heilbronner Gemeinderats bzgl. des Vorschlags eines Fu\u00df- und Radwegs durch den Lerchenbergtunnel. Der Verein ist seit dem Steuerjahr 2018 als gemeinn\u00fctzig anerkannt (e.V.).-> Aktueller Vorstand (seit 27.10.2022) Vision und Ziele Vision und Ziel des Vereins entsprechend der Satzung&#8230;<\/p>\n<p class=\"read-more\"><a class=\"btn btn-default\" href=\"https:\/\/lerchenbergtunnel.de\/?page_id=21\">Weiterlesen<span class=\"screen-reader-text\"> Weiterlesen<\/span><\/a><\/p>\n","protected":false},"author":7,"featured_media":0,"parent":0,"menu_order":0,"comment_status":"closed","ping_status":"closed","template":"","meta":{"footnotes":""},"class_list":["post-21","page","type-page","status-publish","hentry"],"featured_image_urls_v2":{"full":"","thumbnail":"","medium":"","medium_large":"","large":"","1536x1536":"","2048x2048":"","complete_open_graph":"","post-thumbnail":"","nisarg-full-width":""},"post_excerpt_stackable_v2":"<p>Das Logo symbolisiert durch drei Piktogramme (Lerche, Berg, Tunnel) das Kernbauwerk des Erlebniswegs, den Lerchenbergtunnel. Der Verein Erlebnisweg Lerchenbergtunnel wurde am 14. M\u00e4rz 2017 gegr\u00fcndet. Der Gr\u00fcndungs-Vereinsvorstand bestand aus den Stadtr\u00e4ten Wolf Theilacker (GR\u00dcNE), Heidrun Landwehr (SPD) und Wolfgang Palm (CDU). Ausschlaggebend f\u00fcr die Gr\u00fcndung war seinerzeit die Schaffung eines \u00f6ffentlichkeitswirksamen Gegenpols zur mehrheitlich ablehnenden Haltung des Heilbronner Gemeinderats bzgl. des Vorschlags eines Fu\u00df- und Radwegs durch den Lerchenbergtunnel. Der Verein ist seit dem Steuerjahr 2018 als gemeinn\u00fctzig anerkannt (e.V.).-> Aktueller Vorstand (seit 27.10.2022) Vision und Ziele Vergleichbares Projekt beiK\u00fcckelheim im Sauerland(Quelle: sauerlandradring.de) Vision und Ziel des Vereins entsprechend der&hellip;<\/p>\n","category_list_v2":"","author_info_v2":{"name":"Admin","url":"https:\/\/lerchenbergtunnel.de\/?author=7"},"comments_num_v2":"0 comments","_links":{"self":[{"href":"https:\/\/lerchenbergtunnel.de\/index.php?rest_route=\/wp\/v2\/pages\/21","targetHints":{"allow":["GET"]}}],"collection":[{"href":"https:\/\/lerchenbergtunnel.de\/index.php?rest_route=\/wp\/v2\/pages"}],"about":[{"href":"https:\/\/lerchenbergtunnel.de\/index.php?rest_route=\/wp\/v2\/types\/page"}],"author":[{"embeddable":true,"href":"https:\/\/lerchenbergtunnel.de\/index.php?rest_route=\/wp\/v2\/users\/7"}],"replies":[{"embeddable":true,"href":"https:\/\/lerchenbergtunnel.de\/index.php?rest_route=%2Fwp%2Fv2%2Fcomments&post=21"}],"version-history":[{"count":54,"href":"https:\/\/lerchenbergtunnel.de\/index.php?rest_route=\/wp\/v2\/pages\/21\/revisions"}],"predecessor-version":[{"id":2885,"href":"https:\/\/lerchenbergtunnel.de\/index.php?rest_route=\/wp\/v2\/pages\/21\/revisions\/2885"}],"wp:attachment":[{"href":"https:\/\/lerchenbergtunnel.de\/index.php?rest_route=%2Fwp%2Fv2%2Fmedia&parent=21"}],"curies":[{"name":"wp","href":"https:\/\/api.w.org\/{rel}","templated":true}]}}