{"id":149,"date":"2019-01-23T18:49:39","date_gmt":"2019-01-23T18:49:39","guid":{"rendered":"http:\/\/lerchenbergtunnel.de\/?page_id=149"},"modified":"2019-04-18T15:34:47","modified_gmt":"2019-04-18T15:34:47","slug":"newsletter","status":"publish","type":"page","link":"https:\/\/lerchenbergtunnel.de\/?page_id=149","title":{"rendered":"Newsletter"},"content":{"rendered":"\n<p>Sie m\u00f6chten von uns \u00fcber bevorstehende Aktionen oder den Fortschritt des Projekts informiert werden?<\/p>\n\n\n\n<p>Hier k\u00f6nnen Sie sich f\u00fcr unsere Verteilerliste anmelden:<br><br>(Angaben mit * sind Pflichtangaben)<\/p>\n\n\n\n<form method=\"post\" action=\"http:\/\/swm.lerchenbergtunnel.de\/nl.php\">\n<input name=\"MailingListId\" value=\"2\" type=\"hidden\">\n<input name=\"FormId\" value=\"2\" type=\"hidden\">\n<input name=\"FormEncoding\" value=\"utf-8\" type=\"hidden\">\n<br>\n<table cellspacing=\"0\" cellpadding=\"0\" border=\"0\">\n<tbody>\n<tr>\n<td>\n<label for=\"u_EMail\">\nE-Mail-Adresse*<\/label>\n<\/td>\n<td>\n<input name=\"u_EMail\" size=\"50\" maxlength=\"255\" id=\"u_EMail\" type=\"text\">\n<\/td>\n<\/tr>\n<tr>\n<td>\n<label for=\"u_FirstName\">\nVorname<\/label>\n<\/td>\n<td>\n<input name=\"u_FirstName\" size=\"50\" maxlength=\"255\" id=\"u_FirstName\" type=\"text\">\n<\/td>\n<\/tr>\n<tr>\n<td>\n<label for=\"u_LastName\">\nNachname<\/label>\n<\/td>\n<td>\n<input name=\"u_LastName\" size=\"50\" maxlength=\"255\" id=\"u_LastName\" type=\"text\">\n<\/td>\n<\/tr>\n<tr>\n<td>\n<label for=\"u_PrivateStreet\">\nStra\u00dfe inkl. Hausnr.<\/label>\n<\/td>\n<td>\n<input name=\"u_PrivateStreet\" size=\"50\" maxlength=\"255\" id=\"u_PrivateStreet\" type=\"text\">\n<\/td>\n<\/tr>\n<tr>\n<td>\n<label for=\"u_PrivateZIPCode\">\nPLZ<\/label>\n<\/td>\n<td>\n<input name=\"u_PrivateZIPCode\" size=\"50\" maxlength=\"255\" id=\"u_PrivateZIPCode\" type=\"text\">\n<\/td>\n<\/tr>\n<tr>\n<td>\n<label for=\"u_PrivateCity\">\nStadt<\/label>\n<\/td>\n<td>\n<input name=\"u_PrivateCity\" size=\"50\" maxlength=\"255\" id=\"u_PrivateCity\" type=\"text\">\n<\/td>\n<\/tr>\n<tr>\n<td colspan=\"2\">\n&nbsp;<br>\n<\/td>\n<\/tr>\n<tr>\n<td>\nGew\u00fcnschte Aktion <\/td>\n<td>\n<input name=\"Action\" value=\"subscribe\" checked=\"checked\" id=\"Action1\" type=\"radio\">\n&nbsp;<label for=\"Action1\">\nAnmelden<\/label>\n<br>\n<input name=\"Action\" value=\"unsubscribe\" id=\"Action2\" type=\"radio\">\n&nbsp;<label for=\"Action2\">\nAbmelden<\/label>\n<br>\n<\/td>\n<\/tr>\n<tr>\n<td colspan=\"2\">\n<span>\n<br>\nMit Angabe meiner Daten und Absenden der Anmeldung erkl\u00e4re ich mich einverstanden, den hier bestellten Newsletter per E-Mail zu erhalten. Meine Daten werden nicht an Dritte weitergegeben. Dieses Einverst\u00e4ndnis kann ich jederzeit widerrufen. Weitere ausf\u00fchrliche Informationen in der <a href=\"https:\/\/lerchenbergtunnel.de\/?page_id=33\" target=\"_blank\" rel=\"noopener noreferrer\">Datenschutzerkl\u00e4rung<\/a>.<br>\n<br>\n<br>\n<input type=\"checkbox\" name=\"PrivacyPolicyAccepted\" id=\"PrivacyPolicyAccepted\" value=\"1\" \/>\n<label for=\"PrivacyPolicyAccepted\">\n&nbsp;Ich akzeptiere die <a href=\"https:\/\/lerchenbergtunnel.de\/?page_id=33\" target=\"_blank\"  rel=\"noopener noreferrer\">\nDatenschutzerkl&auml;rung.<\/a>\n&nbsp;*<\/label>\n<br>\n<br>\n<\/span>\n<\/td>\n<\/tr>\n<tr>\n<td colspan=\"2\">\n<input value=\"Absenden\" type=\"submit\">\n<\/td>\n<\/tr>\n<\/tbody>\n<\/table>\n<\/form>\n","protected":false},"excerpt":{"rendered":"<p>Sie m\u00f6chten von uns \u00fcber bevorstehende Aktionen oder den Fortschritt des Projekts informiert werden? Hier k\u00f6nnen Sie sich f\u00fcr unsere Verteilerliste anmelden: (Angaben mit * sind Pflichtangaben) E-Mail-Adresse* Vorname Nachname Stra\u00dfe inkl. Hausnr. PLZ Stadt &nbsp; Gew\u00fcnschte Aktion &nbsp; Anmelden &nbsp; Abmelden Mit Angabe meiner Daten und Absenden der Anmeldung erkl\u00e4re ich mich einverstanden, den hier bestellten Newsletter per E-Mail zu erhalten. Meine Daten werden nicht an Dritte weitergegeben. Dieses Einverst\u00e4ndnis kann ich jederzeit widerrufen. Weitere ausf\u00fchrliche Informationen in der&#8230;<\/p>\n<p class=\"read-more\"><a class=\"btn btn-default\" href=\"https:\/\/lerchenbergtunnel.de\/?page_id=149\">Weiterlesen<span class=\"screen-reader-text\"> Weiterlesen<\/span><\/a><\/p>\n","protected":false},"author":7,"featured_media":0,"parent":0,"menu_order":0,"comment_status":"closed","ping_status":"closed","template":"","meta":{"footnotes":""},"class_list":["post-149","page","type-page","status-publish","hentry"],"featured_image_urls_v2":{"full":"","thumbnail":"","medium":"","medium_large":"","large":"","1536x1536":"","2048x2048":"","complete_open_graph":"","post-thumbnail":"","nisarg-full-width":""},"post_excerpt_stackable_v2":"<p>Sie m\u00f6chten von uns \u00fcber bevorstehende Aktionen oder den Fortschritt des Projekts informiert werden? Hier k\u00f6nnen Sie sich f\u00fcr unsere Verteilerliste anmelden:(Angaben mit * sind Pflichtangaben) E-Mail-Adresse* Vorname Nachname Stra\u00dfe inkl. Hausnr. PLZ Stadt &nbsp; Gew\u00fcnschte Aktion &nbsp; Anmelden &nbsp; Abmelden Mit Angabe meiner Daten und Absenden der Anmeldung erkl\u00e4re ich mich einverstanden, den hier bestellten Newsletter per E-Mail zu erhalten. Meine Daten werden nicht an Dritte weitergegeben. Dieses Einverst\u00e4ndnis kann ich jederzeit widerrufen. Weitere ausf\u00fchrliche Informationen in der Datenschutzerkl\u00e4rung. &nbsp;Ich akzeptiere die Datenschutzerkl&auml;rung. &nbsp;*<\/p>\n","category_list_v2":"","author_info_v2":{"name":"Admin","url":"https:\/\/lerchenbergtunnel.de\/?author=7"},"comments_num_v2":"0 comments","_links":{"self":[{"href":"https:\/\/lerchenbergtunnel.de\/index.php?rest_route=\/wp\/v2\/pages\/149","targetHints":{"allow":["GET"]}}],"collection":[{"href":"https:\/\/lerchenbergtunnel.de\/index.php?rest_route=\/wp\/v2\/pages"}],"about":[{"href":"https:\/\/lerchenbergtunnel.de\/index.php?rest_route=\/wp\/v2\/types\/page"}],"author":[{"embeddable":true,"href":"https:\/\/lerchenbergtunnel.de\/index.php?rest_route=\/wp\/v2\/users\/7"}],"replies":[{"embeddable":true,"href":"https:\/\/lerchenbergtunnel.de\/index.php?rest_route=%2Fwp%2Fv2%2Fcomments&post=149"}],"version-history":[{"count":7,"href":"https:\/\/lerchenbergtunnel.de\/index.php?rest_route=\/wp\/v2\/pages\/149\/revisions"}],"predecessor-version":[{"id":385,"href":"https:\/\/lerchenbergtunnel.de\/index.php?rest_route=\/wp\/v2\/pages\/149\/revisions\/385"}],"wp:attachment":[{"href":"https:\/\/lerchenbergtunnel.de\/index.php?rest_route=%2Fwp%2Fv2%2Fmedia&parent=149"}],"curies":[{"name":"wp","href":"https:\/\/api.w.org\/{rel}","templated":true}]}}